{"id":3,"date":"2025-09-05T22:56:47","date_gmt":"2025-09-05T22:56:47","guid":{"rendered":"https:\/\/everestescaladora.com\/?page_id=3"},"modified":"2025-09-25T07:38:33","modified_gmt":"2025-09-25T07:38:33","slug":"ss","status":"publish","type":"page","link":"https:\/\/everestescaladora.com\/index.php\/ss\/","title":{"rendered":"ss"},"content":{"rendered":"\t\t<div data-elementor-type=\"wp-page\" data-elementor-id=\"3\" class=\"elementor elementor-3\" data-elementor-post-type=\"page\">\n\t\t\t\t<div class=\"elementor-element elementor-element-6ea6cd3 e-flex e-con-boxed e-con e-parent\" data-id=\"6ea6cd3\" data-element_type=\"container\">\n\t\t\t\t\t<div class=\"e-con-inner\">\n\t\t\t\t<div class=\"elementor-element elementor-element-eaaa87e elementor-widget elementor-widget-heading\" data-id=\"eaaa87e\" data-element_type=\"widget\" data-widget_type=\"heading.default\">\n\t\t\t\t\t<h1 class=\"elementor-heading-title elementor-size-default\">No incubamos Ideas, Escalamos Negocios<\/h1>\t\t\t\t<\/div>\n\t\t\t\t<div class=\"elementor-element elementor-element-6512def elementor-widget elementor-widget-text-editor\" data-id=\"6512def\" data-element_type=\"widget\" data-widget_type=\"text-editor.default\">\n\t\t\t\t\t\t\t\t\t<p>Si tienes un producto listo para vender y el coraje para llevarlo al siguiente nivel, Everest\u00a0es\u00a0tu\u00a0lugar.<\/p>\t\t\t\t\t\t\t\t<\/div>\n\t\t\t\t<div class=\"elementor-element elementor-element-5281bea elementor-widget elementor-widget-text-editor\" data-id=\"5281bea\" data-element_type=\"widget\" data-widget_type=\"text-editor.default\">\n\t\t\t\t\t\t\t\t\t<p>\n  <a class=\"cta-boton\" href=\"https:\/\/forms.gle\/mwG3zCE7ZMBa5n1P7\" target=\"_blank\" rel=\"noopener noreferrer\">\n    <span class=\"icono-encuesta\">\n      <svg xmlns=\"http:\/\/www.w3.org\/2000\/svg\" width=\"18\" height=\"18\" fill=\"#fff\" viewBox=\"0 0 24 24\">\n        <path d=\"M19 3h-4.18C14.4 1.84 13.3 1 12 1s-2.4.84-2.82 \n        2H5c-1.1 0-2 .9-2 2v16c0 1.1.9 2 2 \n        2h14c1.1 0 2-.9 2-2V5c0-1.1-.9-2-2-2zm-7 \n        0c.55 0 1 .45 1 1s-.45 1-1 \n        1-1-.45-1-1 .45-1 1-1zm2 \n        14H7v-2h7v2zm3-4H7v-2h10v2zm0-4H7V7h10v2z\"\/>\n      <\/svg>\n    <\/span>\n    Da el Primer Paso\n  <\/a>\n<\/p>\n\n<style>\n  .cta-boton {\n    display: inline-flex;          \/* flex para alinear icono + texto *\/\n    align-items: center;\n    background-color: #000;        \/* fondo negro *\/\n    color: #fff;                   \/* texto blanco *\/\n    padding: 14px 28px;\n    font-size: 18px;\n    font-weight: bold;\n    border-radius: 8px;\n    transition: all 0.3s ease;\n    text-decoration: none !important;\n  }\n\n  .cta-boton .icono-encuesta {\n    margin-right: 8px;\n    display: flex;\n    align-items: center;\n  }\n\n  .cta-boton:hover,\n  .cta-boton:focus,\n  .cta-boton:active {\n    background-color: #333;        \/* gris oscuro en hover *\/\n    color: #ccc;                   \/* texto gris suave en hover *\/\n    transform: translateY(-3px);\n    text-decoration: none !important;\n  }\n<\/style>\n\n\t\t\t\t\t\t\t\t<\/div>\n\t\t\t\t<div class=\"elementor-element elementor-element-d94c453 elementor-widget-divider--view-line elementor-widget elementor-widget-divider\" data-id=\"d94c453\" data-element_type=\"widget\" data-widget_type=\"divider.default\">\n\t\t\t\t\t\t\t<div class=\"elementor-divider\">\n\t\t\t<span class=\"elementor-divider-separator\">\n\t\t\t\t\t\t<\/span>\n\t\t<\/div>\n\t\t\t\t\t\t<\/div>\n\t\t\t\t\t<\/div>\n\t\t\t\t<\/div>\n\t\t<div class=\"elementor-element elementor-element-9e38508 e-flex e-con-boxed e-con e-parent\" data-id=\"9e38508\" data-element_type=\"container\">\n\t\t\t\t\t<div class=\"e-con-inner\">\n\t\t<div class=\"elementor-element elementor-element-526a970 e-con-full e-flex e-con e-child\" data-id=\"526a970\" data-element_type=\"container\">\n\t\t\t\t<div class=\"elementor-element elementor-element-550023a elementor-widget elementor-widget-image\" data-id=\"550023a\" data-element_type=\"widget\" data-widget_type=\"image.default\">\n\t\t\t\t\t\t\t\t\t\t\t\t\t\t\t<img fetchpriority=\"high\" decoding=\"async\" width=\"549\" height=\"569\" src=\"https:\/\/everestescaladora.com\/wp-content\/uploads\/2025\/09\/eve.png\" class=\"attachment-large size-large wp-image-64\" alt=\"\" srcset=\"https:\/\/everestescaladora.com\/wp-content\/uploads\/2025\/09\/eve.png 549w, https:\/\/everestescaladora.com\/wp-content\/uploads\/2025\/09\/eve-289x300.png 289w\" sizes=\"(max-width: 549px) 100vw, 549px\" \/>\t\t\t\t\t\t\t\t\t\t\t\t\t\t\t<\/div>\n\t\t\t\t<\/div>\n\t\t<div class=\"elementor-element elementor-element-8b456e8 e-con-full e-flex e-con e-child\" data-id=\"8b456e8\" data-element_type=\"container\">\n\t\t\t\t<div class=\"elementor-element elementor-element-40e9111 elementor-widget elementor-widget-heading\" data-id=\"40e9111\" data-element_type=\"widget\" data-widget_type=\"heading.default\">\n\t\t\t\t\t<h1 class=\"elementor-heading-title elementor-size-default\">Veamos si eres de los Nuestros...<\/h1>\t\t\t\t<\/div>\n\t\t\t\t<div class=\"elementor-element elementor-element-4561c65 elementor-widget elementor-widget-text-editor\" data-id=\"4561c65\" data-element_type=\"widget\" data-widget_type=\"text-editor.default\">\n\t\t\t\t\t\t\t\t\t<p style=\"text-align: left;\"><b>No todos nacen para escalar.<\/b><br \/>Algunos se conforman con tener un producto y vender un poco, <b>con sobrevivir en la feria de siempre,<\/b> con so\u00f1ar que alg\u00fan d\u00eda crecer\u00e1n.<br \/>Pero otros\u2026 otros no.\u00a0<b style=\"font-style: inherit;\">T\u00fa sabes qui\u00e9n eres.\u00a0<\/b><span style=\"font-style: inherit;\"><span style=\"font-weight: inherit;\">Eres de los que no duermen pensando en c\u00f3mo hacer crecer su negocio.<\/span><br \/><\/span><span style=\"font-style: inherit;\"><br \/><b>De los que ya probaron que su producto funciona y que ahora sienten la rabia de no llegar m\u00e1s alto<\/b><\/span><span style=\"font-style: inherit; font-weight: inherit;\">.\u00a0<\/span><span style=\"font-style: inherit; font-weight: inherit; text-align: center;\">De los que entienden que emprender no es un pasatiempo, es un estilo de vida.\u00a0<\/span><span style=\"font-style: inherit;\"><b>En Everest trabajamos solo con esos.<\/b><\/span><\/p>\n<div style=\"text-align: left;\"><b style=\"font-style: inherit; text-align: center;\">Con los valientes, los que ponen el 100%, los que saben que la cima no se alcanza con discursos, sino con resultados reales<\/b><span style=\"font-style: inherit; font-weight: inherit; text-align: center;\">.<\/span><\/div>\n<p style=\"text-align: left;\">Si tienes un producto listo, <b>la capacidad de producir y el coraje de dejarte acompa\u00f1ar para escalar,<\/b> eres de los nuestros.<\/p>\n<p style=\"text-align: left;\"><b>Si no\u2026 tranquilo. La base tambi\u00e9n\u00a0necesita\u00a0gente.<\/b><\/p>\t\t\t\t\t\t\t\t<\/div>\n\t\t\t\t<\/div>\n\t\t\t\t\t<\/div>\n\t\t\t\t<\/div>\n\t\t<div class=\"elementor-element elementor-element-7bac618 e-flex e-con-boxed e-con e-parent\" data-id=\"7bac618\" data-element_type=\"container\">\n\t\t\t\t\t<div class=\"e-con-inner\">\n\t\t\t\t<div class=\"elementor-element elementor-element-34eed8d elementor-widget-divider--view-line elementor-widget elementor-widget-divider\" data-id=\"34eed8d\" data-element_type=\"widget\" data-widget_type=\"divider.default\">\n\t\t\t\t\t\t\t<div class=\"elementor-divider\">\n\t\t\t<span class=\"elementor-divider-separator\">\n\t\t\t\t\t\t<\/span>\n\t\t<\/div>\n\t\t\t\t\t\t<\/div>\n\t\t\t\t<div class=\"elementor-element elementor-element-ca777d6 elementor-widget elementor-widget-image\" data-id=\"ca777d6\" data-element_type=\"widget\" data-widget_type=\"image.default\">\n\t\t\t\t\t\t\t\t\t\t\t\t\t\t\t<img decoding=\"async\" width=\"150\" height=\"150\" src=\"https:\/\/everestescaladora.com\/wp-content\/uploads\/2025\/09\/icon1-150x150.png\" class=\"attachment-thumbnail size-thumbnail wp-image-121\" alt=\"\" \/>\t\t\t\t\t\t\t\t\t\t\t\t\t\t\t<\/div>\n\t\t\t\t<div class=\"elementor-element elementor-element-5dbc9f9 elementor-widget elementor-widget-heading\" data-id=\"5dbc9f9\" data-element_type=\"widget\" data-widget_type=\"heading.default\">\n\t\t\t\t\t<h1 class=\"elementor-heading-title elementor-size-default\">\u00a1Deja de Vender y Ded\u00edcate a Crecer!<\/h1>\t\t\t\t<\/div>\n\t\t\t\t<div class=\"elementor-element elementor-element-cea747d elementor-widget elementor-widget-text-editor\" data-id=\"cea747d\" data-element_type=\"widget\" data-widget_type=\"text-editor.default\">\n\t\t\t\t\t\t\t\t\t<p>Everest es la primera Escaladora de Negocios <b>pensada para PYMEs y emprendedores reales.<\/b><br \/>T\u00fa creas, <b>nosotros nos ocupamos\u00a0de\u00a0las\u00a0ventas.<\/b><\/p>\t\t\t\t\t\t\t\t<\/div>\n\t\t\t\t<div class=\"elementor-element elementor-element-d49f628 elementor-widget elementor-widget-text-editor\" data-id=\"d49f628\" data-element_type=\"widget\" data-widget_type=\"text-editor.default\">\n\t\t\t\t\t\t\t\t\t<p>\n  <a class=\"cta-boton\" href=\"https:\/\/docs.google.com\/forms\/d\/e\/1FAIpQLSf8NkCUQegSvqtb3sI_4GWZ1rpHc2t0K11GkyHByTgmzGymKw\/viewform\" target=\"_blank\" rel=\"noopener noreferrer\">\n    <span class=\"icono-encuesta\">\n      <svg xmlns=\"http:\/\/www.w3.org\/2000\/svg\" width=\"18\" height=\"18\" fill=\"#fff\" viewBox=\"0 0 24 24\">\n        <path d=\"M19 3h-4.18C14.4 1.84 13.3 1 12 1s-2.4.84-2.82 \n        2H5c-1.1 0-2 .9-2 2v16c0 1.1.9 2 2 \n        2h14c1.1 0 2-.9 2-2V5c0-1.1-.9-2-2-2zm-7 \n        0c.55 0 1 .45 1 1s-.45 1-1 \n        1-1-.45-1-1 .45-1 1-1zm2 \n        14H7v-2h7v2zm3-4H7v-2h10v2zm0-4H7V7h10v2z\"\/>\n      <\/svg>\n    <\/span>\n    Delega tus Ventas\n  <\/a>\n<\/p>\n\n<style>\n  .cta-boton {\n    display: inline-flex;          \/* flex para alinear icono + texto *\/\n    align-items: center;\n    background-color: #000;        \/* fondo negro *\/\n    color: #fff;                   \/* texto blanco *\/\n    padding: 14px 28px;\n    font-size: 18px;\n    font-weight: bold;\n    border-radius: 8px;\n    transition: all 0.3s ease;\n    text-decoration: none !important;\n  }\n\n  .cta-boton .icono-encuesta {\n    margin-right: 8px;\n    display: flex;\n    align-items: center;\n  }\n\n  .cta-boton:hover,\n  .cta-boton:focus,\n  .cta-boton:active {\n    background-color: #333;        \/* gris oscuro en hover *\/\n    color: #ccc;                   \/* texto gris suave en hover *\/\n    transform: translateY(-3px);\n    text-decoration: none !important;\n  }\n<\/style>\n\t\t\t\t\t\t\t\t<\/div>\n\t\t\t\t<div class=\"elementor-element elementor-element-321fc05 elementor-widget-divider--view-line elementor-widget elementor-widget-divider\" data-id=\"321fc05\" data-element_type=\"widget\" data-widget_type=\"divider.default\">\n\t\t\t\t\t\t\t<div class=\"elementor-divider\">\n\t\t\t<span class=\"elementor-divider-separator\">\n\t\t\t\t\t\t<\/span>\n\t\t<\/div>\n\t\t\t\t\t\t<\/div>\n\t\t\t\t\t<\/div>\n\t\t\t\t<\/div>\n\t\t<div class=\"elementor-element elementor-element-05ff4ec e-con-full e-flex e-con e-parent\" data-id=\"05ff4ec\" data-element_type=\"container\" data-settings=\"{&quot;background_background&quot;:&quot;classic&quot;}\">\n\t\t\t\t<div class=\"elementor-element elementor-element-53560cd elementor-widget-divider--view-line elementor-widget elementor-widget-divider\" data-id=\"53560cd\" data-element_type=\"widget\" data-widget_type=\"divider.default\">\n\t\t\t\t\t\t\t<div class=\"elementor-divider\">\n\t\t\t<span class=\"elementor-divider-separator\">\n\t\t\t\t\t\t<\/span>\n\t\t<\/div>\n\t\t\t\t\t\t<\/div>\n\t\t\t\t<\/div>\n\t\t<div class=\"elementor-element elementor-element-60881a6 e-flex e-con-boxed e-con e-parent\" data-id=\"60881a6\" data-element_type=\"container\" data-settings=\"{&quot;background_background&quot;:&quot;classic&quot;}\">\n\t\t\t\t\t<div class=\"e-con-inner\">\n\t\t<div class=\"elementor-element elementor-element-d4ff688 e-con-full e-flex e-con e-child\" data-id=\"d4ff688\" data-element_type=\"container\">\n\t\t\t\t<div class=\"elementor-element elementor-element-deb43ad elementor-widget elementor-widget-image\" data-id=\"deb43ad\" data-element_type=\"widget\" data-widget_type=\"image.default\">\n\t\t\t\t\t\t\t\t\t\t\t\t\t\t\t<img decoding=\"async\" width=\"549\" height=\"569\" src=\"https:\/\/everestescaladora.com\/wp-content\/uploads\/2025\/09\/escalador-2.png\" class=\"attachment-large size-large wp-image-155\" alt=\"\" srcset=\"https:\/\/everestescaladora.com\/wp-content\/uploads\/2025\/09\/escalador-2.png 549w, https:\/\/everestescaladora.com\/wp-content\/uploads\/2025\/09\/escalador-2-289x300.png 289w\" sizes=\"(max-width: 549px) 100vw, 549px\" \/>\t\t\t\t\t\t\t\t\t\t\t\t\t\t\t<\/div>\n\t\t\t\t<\/div>\n\t\t<div class=\"elementor-element elementor-element-c46d499 e-con-full e-flex e-con e-child\" data-id=\"c46d499\" data-element_type=\"container\">\n\t\t\t\t<div class=\"elementor-element elementor-element-76925ed elementor-widget elementor-widget-heading\" data-id=\"76925ed\" data-element_type=\"widget\" data-widget_type=\"heading.default\">\n\t\t\t\t\t<h1 class=\"elementor-heading-title elementor-size-default\">La Mochila de Ventas te impide seguir Escalando...<\/h1>\t\t\t\t<\/div>\n\t\t\t\t<div class=\"elementor-element elementor-element-9ffc325 elementor-widget elementor-widget-text-editor\" data-id=\"9ffc325\" data-element_type=\"widget\" data-widget_type=\"text-editor.default\">\n\t\t\t\t\t\t\t\t\t<p style=\"text-align: left;\" data-start=\"194\" data-end=\"416\"><span style=\"color: #ffffff;\">Esa mochila en tu espalda <b>no es casualidad. <\/b>Al principio vender te daba energ\u00eda, <b>pero hoy te pesa porque sigues intentando cargarlo todo t\u00fa solo. <\/b>Y mientras lo hagas, tu mirada seguir\u00e1 fija en el suelo, sin ver m\u00e1s all\u00e1.<\/span><\/p>\n<p style=\"text-align: left;\" data-start=\"418\" data-end=\"620\"><span style=\"color: #ffffff;\">Delegar no es perder el control, <b>es ejercerlo de verdad.<\/b> Significa reconocer que tu lugar <b>no est\u00e1 en cada llamada ni en cada cierre, sino en la direcci\u00f3n,<\/b> la estrategia y el crecimiento de tu negocio.<\/span><\/p>\n<p style=\"text-align: left;\" data-start=\"622\" data-end=\"849\"><span style=\"color: #ffffff;\">El d\u00eda que decidas <b>soltar esa carga innecesaria,<\/b> vas a sentirlo: tu espalda se endereza, tu paso se afirma y vuelves a escalar con la claridad de quien entiende que <b>crecer exige soltar lo accesorio y enfocarse en lo esencial.<\/b><\/span><\/p>\t\t\t\t\t\t\t\t<\/div>\n\t\t\t\t<div class=\"elementor-element elementor-element-0482410 elementor-widget elementor-widget-heading\" data-id=\"0482410\" data-element_type=\"widget\" data-widget_type=\"heading.default\">\n\t\t\t\t\t<h3 class=\"elementor-heading-title elementor-size-default\">Si quieres escalar, deja de cargar solo las ventas y empieza a liderar tu negocio.<\/h3>\t\t\t\t<\/div>\n\t\t\t\t<\/div>\n\t\t\t\t\t<\/div>\n\t\t\t\t<\/div>\n\t\t<div class=\"elementor-element elementor-element-7c499d2 e-flex e-con-boxed e-con e-parent\" data-id=\"7c499d2\" data-element_type=\"container\" data-settings=\"{&quot;background_background&quot;:&quot;classic&quot;}\">\n\t\t\t\t\t<div class=\"e-con-inner\">\n\t\t\t\t<div class=\"elementor-element elementor-element-7e9dfb6 elementor-widget-divider--view-line elementor-widget elementor-widget-divider\" data-id=\"7e9dfb6\" data-element_type=\"widget\" data-widget_type=\"divider.default\">\n\t\t\t\t\t\t\t<div class=\"elementor-divider\">\n\t\t\t<span class=\"elementor-divider-separator\">\n\t\t\t\t\t\t<\/span>\n\t\t<\/div>\n\t\t\t\t\t\t<\/div>\n\t\t\t\t<div class=\"elementor-element elementor-element-2422be5 elementor-widget__width-initial elementor-widget elementor-widget-image\" data-id=\"2422be5\" data-element_type=\"widget\" data-widget_type=\"image.default\">\n\t\t\t\t\t\t\t\t\t\t\t\t\t\t\t<img loading=\"lazy\" decoding=\"async\" width=\"300\" height=\"230\" src=\"https:\/\/everestescaladora.com\/wp-content\/uploads\/2025\/09\/zz-300x230.png\" class=\"attachment-medium size-medium wp-image-162\" alt=\"\" srcset=\"https:\/\/everestescaladora.com\/wp-content\/uploads\/2025\/09\/zz-300x230.png 300w, https:\/\/everestescaladora.com\/wp-content\/uploads\/2025\/09\/zz.png 388w\" sizes=\"(max-width: 300px) 100vw, 300px\" \/>\t\t\t\t\t\t\t\t\t\t\t\t\t\t\t<\/div>\n\t\t\t\t<div class=\"elementor-element elementor-element-57851ca elementor-widget elementor-widget-heading\" data-id=\"57851ca\" data-element_type=\"widget\" data-widget_type=\"heading.default\">\n\t\t\t\t\t<h1 class=\"elementor-heading-title elementor-size-default\">\u00bfC\u00f3mo lo hacemos?<\/h1>\t\t\t\t<\/div>\n\t\t\t\t<div class=\"elementor-element elementor-element-4d525ac elementor-widget elementor-widget-text-editor\" data-id=\"4d525ac\" data-element_type=\"widget\" data-widget_type=\"text-editor.default\">\n\t\t\t\t\t\t\t\t\t<p data-start=\"173\" data-end=\"325\"><span style=\"color: #ffffff;\">Todo comienza con una prueba: <b>poner tu propuesta frente al mercado<\/b>. Ah\u00ed no hay discursos ni teor\u00edas, solo una respuesta clara: hay demanda o no lo hay.\u00a0<span style=\"font-style: inherit; font-weight: inherit;\">Si la hay, llega la escalada. Una estrategia digital <\/span><span style=\"font-style: inherit;\"><b>enfocada en ventas que convierte validaci\u00f3n en crecimiento real.<\/b><\/span><\/span><\/p>\n<p data-start=\"451\" data-end=\"615\"><span style=\"color: #ffffff;\">Y si no pasa la prueba, tampoco es el fin. Tienes la ventaja de saber qu\u00e9 corregir para volver preparado. <b>Esa es la diferencia entre avanzar y quedarse estancado.<\/b><\/span><\/p>\t\t\t\t\t\t\t\t<\/div>\n\t\t\t\t<div class=\"elementor-element elementor-element-673ed4f elementor-widget elementor-widget-text-editor\" data-id=\"673ed4f\" data-element_type=\"widget\" data-widget_type=\"text-editor.default\">\n\t\t\t\t\t\t\t\t\t<p>\n  <a class=\"cta-boton-blanco\" href=\"#\">\n    <span class=\"icono-wsp\">\n      <svg xmlns=\"http:\/\/www.w3.org\/2000\/svg\" width=\"18\" height=\"18\" fill=\"#000\" viewBox=\"0 0 24 24\">\n        <path d=\"M.057 24l1.687-6.163a11.867 11.867 0 01-1.587-5.945C.16 5.3 5.48 0 12.057 0c3.184 0 6.167 1.24 8.413 3.488A11.82 11.82 0 0124 11.944c-.003 6.627-5.385 12.003-12.057 12.003a12.19 12.19 0 01-6.172-1.662L.057 24zM6.6 19.2c1.676.995 3.276 1.591 5.392 1.593 5.448.003 9.89-4.43 9.893-9.882.002-5.463-4.415-9.89-9.862-9.893-5.45-.003-9.89 4.43-9.893 9.882a9.8 9.8 0 001.615 5.357l-.999 3.648 3.854-1.705z\"\/>\n        <path d=\"M17.472 14.382c-.297-.149-1.758-.867-2.03-.967-.273-.099-.472-.148-.67.15-.197.297-.767.967-.94 1.164-.173.198-.347.223-.644.074-.297-.149-1.255-.463-2.39-1.475-.883-.788-1.48-1.761-1.653-2.059-.173-.297-.018-.458.13-.606.134-.133.297-.347.446-.52.149-.174.198-.298.298-.497.099-.198.05-.372-.025-.521-.074-.149-.669-1.611-.916-2.207-.242-.579-.487-.5-.67-.51l-.57-.01c-.198 0-.52.074-.793.372s-1.04 1.016-1.04 2.479 1.065 2.876 1.213 3.074c.149.198 2.095 3.2 5.076 4.487.709.306 1.262.489 1.694.625.712.227 1.36.195 1.871.118.571-.085 1.758-.718 2.006-1.413.248-.695.248-1.29.173-1.414-.074-.124-.272-.198-.57-.347z\"\/>\n      <\/svg>\n    <\/span>\n    Pregunta sin Miedo\n  <\/a>\n<\/p>\n\n<style>\n  .cta-boton-blanco {\n    display: inline-flex;        \/* flex para alinear icono + texto *\/\n    align-items: center;\n    background-color: #fff;      \/* fondo blanco *\/\n    color: #000;                 \/* texto negro *\/\n    padding: 14px 28px;\n    font-size: 18px;\n    font-weight: bold;\n    border-radius: 8px;\n    border: 2px solid #000;      \/* borde negro *\/\n    transition: all 0.3s ease;\n    text-decoration: none !important;\n  }\n\n  .cta-boton-blanco .icono-wsp {\n    margin-right: 8px;\n    display: flex;\n    align-items: center;\n  }\n\n  .cta-boton-blanco:hover {\n    background-color: #f2f2f2;   \/* gris suave en hover *\/\n    transform: translateY(-3px);\n    text-decoration: none !important;\n  }\n<\/style>\n\n\n\t\t\t\t\t\t\t\t<\/div>\n\t\t\t\t<div class=\"elementor-element elementor-element-d11e4cf elementor-widget-divider--view-line elementor-widget elementor-widget-divider\" data-id=\"d11e4cf\" data-element_type=\"widget\" data-widget_type=\"divider.default\">\n\t\t\t\t\t\t\t<div class=\"elementor-divider\">\n\t\t\t<span class=\"elementor-divider-separator\">\n\t\t\t\t\t\t<\/span>\n\t\t<\/div>\n\t\t\t\t\t\t<\/div>\n\t\t\t\t\t<\/div>\n\t\t\t\t<\/div>\n\t\t\t\t<\/div>\n\t\t","protected":false},"excerpt":{"rendered":"<p>No incubamos Ideas, Escalamos Negocios Si tienes un producto listo para vender y el coraje para llevarlo al siguiente nivel, [&hellip;]<\/p>\n","protected":false},"author":1,"featured_media":0,"parent":0,"menu_order":0,"comment_status":"closed","ping_status":"closed","template":"","meta":{"site-sidebar-layout":"default","site-content-layout":"","ast-site-content-layout":"full-width-container","site-content-style":"default","site-sidebar-style":"default","ast-global-header-display":"","ast-banner-title-visibility":"","ast-main-header-display":"","ast-hfb-above-header-display":"","ast-hfb-below-header-display":"","ast-hfb-mobile-header-display":"","site-post-title":"disabled","ast-breadcrumbs-content":"","ast-featured-img":"","footer-sml-layout":"","theme-transparent-header-meta":"","adv-header-id-meta":"","stick-header-meta":"","header-above-stick-meta":"","header-main-stick-meta":"","header-below-stick-meta":"","astra-migrate-meta-layouts":"default","ast-page-background-enabled":"default","ast-page-background-meta":{"desktop":{"background-color":"var(--ast-global-color-5)","background-image":"","background-repeat":"repeat","background-position":"center center","background-size":"auto","background-attachment":"scroll","background-type":"","background-media":"","overlay-type":"","overlay-color":"","overlay-opacity":"","overlay-gradient":""},"tablet":{"background-color":"","background-image":"","background-repeat":"repeat","background-position":"center center","background-size":"auto","background-attachment":"scroll","background-type":"","background-media":"","overlay-type":"","overlay-color":"","overlay-opacity":"","overlay-gradient":""},"mobile":{"background-color":"","background-image":"","background-repeat":"repeat","background-position":"center center","background-size":"auto","background-attachment":"scroll","background-type":"","background-media":"","overlay-type":"","overlay-color":"","overlay-opacity":"","overlay-gradient":""}},"ast-content-background-meta":{"desktop":{"background-color":"var(--ast-global-color-4)","background-image":"","background-repeat":"repeat","background-position":"center center","background-size":"auto","background-attachment":"scroll","background-type":"","background-media":"","overlay-type":"","overlay-color":"","overlay-opacity":"","overlay-gradient":""},"tablet":{"background-color":"var(--ast-global-color-4)","background-image":"","background-repeat":"repeat","background-position":"center center","background-size":"auto","background-attachment":"scroll","background-type":"","background-media":"","overlay-type":"","overlay-color":"","overlay-opacity":"","overlay-gradient":""},"mobile":{"background-color":"var(--ast-global-color-4)","background-image":"","background-repeat":"repeat","background-position":"center center","background-size":"auto","background-attachment":"scroll","background-type":"","background-media":"","overlay-type":"","overlay-color":"","overlay-opacity":"","overlay-gradient":""}},"footnotes":""},"class_list":["post-3","page","type-page","status-publish","hentry"],"_links":{"self":[{"href":"https:\/\/everestescaladora.com\/index.php\/wp-json\/wp\/v2\/pages\/3","targetHints":{"allow":["GET"]}}],"collection":[{"href":"https:\/\/everestescaladora.com\/index.php\/wp-json\/wp\/v2\/pages"}],"about":[{"href":"https:\/\/everestescaladora.com\/index.php\/wp-json\/wp\/v2\/types\/page"}],"author":[{"embeddable":true,"href":"https:\/\/everestescaladora.com\/index.php\/wp-json\/wp\/v2\/users\/1"}],"replies":[{"embeddable":true,"href":"https:\/\/everestescaladora.com\/index.php\/wp-json\/wp\/v2\/comments?post=3"}],"version-history":[{"count":145,"href":"https:\/\/everestescaladora.com\/index.php\/wp-json\/wp\/v2\/pages\/3\/revisions"}],"predecessor-version":[{"id":351,"href":"https:\/\/everestescaladora.com\/index.php\/wp-json\/wp\/v2\/pages\/3\/revisions\/351"}],"wp:attachment":[{"href":"https:\/\/everestescaladora.com\/index.php\/wp-json\/wp\/v2\/media?parent=3"}],"curies":[{"name":"wp","href":"https:\/\/api.w.org\/{rel}","templated":true}]}}