{"id":224,"date":"2025-09-25T05:56:33","date_gmt":"2025-09-25T05:56:33","guid":{"rendered":"https:\/\/everestescaladora.com\/?page_id=224"},"modified":"2025-09-25T07:06:04","modified_gmt":"2025-09-25T07:06:04","slug":"quienes-no-somos-2","status":"publish","type":"page","link":"https:\/\/everestescaladora.com\/index.php\/quienes-no-somos-2\/","title":{"rendered":"Quienes No Somos"},"content":{"rendered":"\t\t<div data-elementor-type=\"wp-page\" data-elementor-id=\"224\" class=\"elementor elementor-224\" data-elementor-post-type=\"page\">\n\t\t\t\t<div class=\"elementor-element elementor-element-6ea6cd3 e-flex e-con-boxed e-con e-parent\" data-id=\"6ea6cd3\" data-element_type=\"container\">\n\t\t\t\t\t<div class=\"e-con-inner\">\n\t\t\t\t<div class=\"elementor-element elementor-element-eaaa87e elementor-widget elementor-widget-heading\" data-id=\"eaaa87e\" data-element_type=\"widget\" data-widget_type=\"heading.default\">\n\t\t\t\t\t<h1 class=\"elementor-heading-title elementor-size-default\">No Somos lo que Algunos Esperan<\/h1>\t\t\t\t<\/div>\n\t\t\t\t<div class=\"elementor-element elementor-element-d94c453 elementor-widget-divider--view-line elementor-widget elementor-widget-divider\" data-id=\"d94c453\" data-element_type=\"widget\" data-widget_type=\"divider.default\">\n\t\t\t\t\t\t\t<div class=\"elementor-divider\">\n\t\t\t<span class=\"elementor-divider-separator\">\n\t\t\t\t\t\t<\/span>\n\t\t<\/div>\n\t\t\t\t\t\t<\/div>\n\t\t\t\t\t<\/div>\n\t\t\t\t<\/div>\n\t\t<div class=\"elementor-element elementor-element-539ffa7 e-flex e-con-boxed e-con e-parent\" data-id=\"539ffa7\" data-element_type=\"container\">\n\t\t\t\t\t<div class=\"e-con-inner\">\n\t\t<div class=\"elementor-element elementor-element-b2d0ea8 e-con-full e-flex e-con e-child\" data-id=\"b2d0ea8\" data-element_type=\"container\">\n\t\t\t\t<div class=\"elementor-element elementor-element-4d74482 elementor-widget elementor-widget-image\" data-id=\"4d74482\" data-element_type=\"widget\" data-widget_type=\"image.default\">\n\t\t\t\t\t\t\t\t\t\t\t\t\t\t\t<img decoding=\"async\" width=\"150\" height=\"150\" src=\"https:\/\/everestescaladora.com\/wp-content\/uploads\/2025\/09\/humo-150x150.png\" class=\"attachment-thumbnail size-thumbnail wp-image-230\" alt=\"\" srcset=\"https:\/\/everestescaladora.com\/wp-content\/uploads\/2025\/09\/humo-150x150.png 150w, https:\/\/everestescaladora.com\/wp-content\/uploads\/2025\/09\/humo-300x300.png 300w, https:\/\/everestescaladora.com\/wp-content\/uploads\/2025\/09\/humo.png 512w\" sizes=\"(max-width: 150px) 100vw, 150px\" \/>\t\t\t\t\t\t\t\t\t\t\t\t\t\t\t<\/div>\n\t\t\t\t<div class=\"elementor-element elementor-element-4561c65 elementor-widget elementor-widget-text-editor\" data-id=\"4561c65\" data-element_type=\"widget\" data-widget_type=\"text-editor.default\">\n\t\t\t\t\t\t\t\t\t<h3 style=\"font-size: 24px; font-weight: bold; margin: 0px; text-align: center;\">No somos vende humos.<\/h3><p style=\"font-size: 18px; margin-top: 6px; text-align: center;\"><strong>Somos resultados medibles en ventas, desde las primeras semanas.<\/strong><\/p>\t\t\t\t\t\t\t\t<\/div>\n\t\t\t\t<\/div>\n\t\t<div class=\"elementor-element elementor-element-8d0428d e-con-full e-flex e-con e-child\" data-id=\"8d0428d\" data-element_type=\"container\">\n\t\t\t\t<div class=\"elementor-element elementor-element-992e0f6 elementor-widget elementor-widget-image\" data-id=\"992e0f6\" data-element_type=\"widget\" data-widget_type=\"image.default\">\n\t\t\t\t\t\t\t\t\t\t\t\t\t\t\t<img decoding=\"async\" width=\"150\" height=\"150\" src=\"https:\/\/everestescaladora.com\/wp-content\/uploads\/2025\/09\/reloj-150x150.png\" class=\"attachment-thumbnail size-thumbnail wp-image-231\" alt=\"\" srcset=\"https:\/\/everestescaladora.com\/wp-content\/uploads\/2025\/09\/reloj-150x150.png 150w, https:\/\/everestescaladora.com\/wp-content\/uploads\/2025\/09\/reloj-300x300.png 300w, https:\/\/everestescaladora.com\/wp-content\/uploads\/2025\/09\/reloj.png 512w\" sizes=\"(max-width: 150px) 100vw, 150px\" \/>\t\t\t\t\t\t\t\t\t\t\t\t\t\t\t<\/div>\n\t\t\t\t<div class=\"elementor-element elementor-element-103fbb2 elementor-widget elementor-widget-text-editor\" data-id=\"103fbb2\" data-element_type=\"widget\" data-widget_type=\"text-editor.default\">\n\t\t\t\t\t\t\t\t\t<h3 style=\"font-size: 24px; font-weight: bold; margin: 0px; text-align: center;\">No somos incubadoras eternas.<\/h3><p style=\"font-size: 18px; margin-top: 6px; text-align: center;\"><strong>En Everest no hay caf\u00e9s ni pitch bonitos, hay acci\u00f3n y crecimiento en semanas.<br \/><\/strong><\/p>\t\t\t\t\t\t\t\t<\/div>\n\t\t\t\t<\/div>\n\t\t\t\t\t<\/div>\n\t\t\t\t<\/div>\n\t\t<div class=\"elementor-element elementor-element-8826f51 e-flex e-con-boxed e-con e-parent\" data-id=\"8826f51\" data-element_type=\"container\">\n\t\t\t\t\t<div class=\"e-con-inner\">\n\t\t<div class=\"elementor-element elementor-element-0d67635 e-con-full e-flex e-con e-child\" data-id=\"0d67635\" data-element_type=\"container\">\n\t\t\t\t<div class=\"elementor-element elementor-element-eb2dfed elementor-widget elementor-widget-image\" data-id=\"eb2dfed\" data-element_type=\"widget\" data-widget_type=\"image.default\">\n\t\t\t\t\t\t\t\t\t\t\t\t\t\t\t<img decoding=\"async\" width=\"150\" height=\"150\" src=\"https:\/\/everestescaladora.com\/wp-content\/uploads\/2025\/09\/diner-150x150.png\" class=\"attachment-thumbnail size-thumbnail wp-image-239\" alt=\"\" srcset=\"https:\/\/everestescaladora.com\/wp-content\/uploads\/2025\/09\/diner-150x150.png 150w, https:\/\/everestescaladora.com\/wp-content\/uploads\/2025\/09\/diner-300x300.png 300w, https:\/\/everestescaladora.com\/wp-content\/uploads\/2025\/09\/diner.png 512w\" sizes=\"(max-width: 150px) 100vw, 150px\" \/>\t\t\t\t\t\t\t\t\t\t\t\t\t\t\t<\/div>\n\t\t\t\t<div class=\"elementor-element elementor-element-363581a elementor-widget elementor-widget-text-editor\" data-id=\"363581a\" data-element_type=\"widget\" data-widget_type=\"text-editor.default\">\n\t\t\t\t\t\t\t\t\t<h3 style=\"font-size: 24px; font-weight: bold; margin: 0px; text-align: center;\">No somos agencias que te cobran por likes.<\/h3><p style=\"font-size: 18px; margin-top: 6px; text-align: center;\"><strong>Invertimos para que puedas vender, no para inflar m\u00e9tricas de vanidad.<br \/><\/strong><\/p>\t\t\t\t\t\t\t\t<\/div>\n\t\t\t\t<\/div>\n\t\t<div class=\"elementor-element elementor-element-08041ba e-con-full e-flex e-con e-child\" data-id=\"08041ba\" data-element_type=\"container\">\n\t\t\t\t<div class=\"elementor-element elementor-element-be9ce70 elementor-widget elementor-widget-image\" data-id=\"be9ce70\" data-element_type=\"widget\" data-widget_type=\"image.default\">\n\t\t\t\t\t\t\t\t\t\t\t\t\t\t\t<img loading=\"lazy\" decoding=\"async\" width=\"150\" height=\"150\" src=\"https:\/\/everestescaladora.com\/wp-content\/uploads\/2025\/09\/camino-150x150.png\" class=\"attachment-thumbnail size-thumbnail wp-image-252\" alt=\"\" srcset=\"https:\/\/everestescaladora.com\/wp-content\/uploads\/2025\/09\/camino-150x150.png 150w, https:\/\/everestescaladora.com\/wp-content\/uploads\/2025\/09\/camino-300x300.png 300w, https:\/\/everestescaladora.com\/wp-content\/uploads\/2025\/09\/camino.png 512w\" sizes=\"(max-width: 150px) 100vw, 150px\" \/>\t\t\t\t\t\t\t\t\t\t\t\t\t\t\t<\/div>\n\t\t\t\t<div class=\"elementor-element elementor-element-1365e14 elementor-widget elementor-widget-text-editor\" data-id=\"1365e14\" data-element_type=\"widget\" data-widget_type=\"text-editor.default\">\n\t\t\t\t\t\t\t\t\t<h3 style=\"font-size: 24px; font-weight: bold; margin: 0px; text-align: center;\">No somos para los que emprenden a medias.<\/h3><p style=\"font-size: 18px; margin-top: 6px; text-align: center;\"><strong>Solo trabajamos con quienes apuestan el 100% a su negocio como estilo de vida.<br \/><\/strong><\/p>\t\t\t\t\t\t\t\t<\/div>\n\t\t\t\t<\/div>\n\t\t\t\t\t<\/div>\n\t\t\t\t<\/div>\n\t\t<div class=\"elementor-element elementor-element-0551271 e-flex e-con-boxed e-con e-parent\" data-id=\"0551271\" data-element_type=\"container\">\n\t\t\t\t\t<div class=\"e-con-inner\">\n\t\t<div class=\"elementor-element elementor-element-bde5267 e-con-full e-flex e-con e-child\" data-id=\"bde5267\" data-element_type=\"container\">\n\t\t\t\t<div class=\"elementor-element elementor-element-5a6787c elementor-widget elementor-widget-image\" data-id=\"5a6787c\" data-element_type=\"widget\" data-widget_type=\"image.default\">\n\t\t\t\t\t\t\t\t\t\t\t\t\t\t\t<img loading=\"lazy\" decoding=\"async\" width=\"150\" height=\"150\" src=\"https:\/\/everestescaladora.com\/wp-content\/uploads\/2025\/09\/huella-150x150.png\" class=\"attachment-thumbnail size-thumbnail wp-image-256\" alt=\"\" srcset=\"https:\/\/everestescaladora.com\/wp-content\/uploads\/2025\/09\/huella-150x150.png 150w, https:\/\/everestescaladora.com\/wp-content\/uploads\/2025\/09\/huella-300x300.png 300w, https:\/\/everestescaladora.com\/wp-content\/uploads\/2025\/09\/huella.png 512w\" sizes=\"(max-width: 150px) 100vw, 150px\" \/>\t\t\t\t\t\t\t\t\t\t\t\t\t\t\t<\/div>\n\t\t\t\t<div class=\"elementor-element elementor-element-fa9d403 elementor-widget elementor-widget-text-editor\" data-id=\"fa9d403\" data-element_type=\"widget\" data-widget_type=\"text-editor.default\">\n\t\t\t\t\t\t\t\t\t<h3 style=\"font-size: 24px; font-weight: bold; margin: 0px; text-align: center;\">No somos para todos.<\/h3><p style=\"font-size: 18px; margin-top: 6px; text-align: center;\"><strong>Somos para los valientes, los que est\u00e1n dispuestos a arriesgar y crecer de verdad.<br \/><\/strong><\/p>\t\t\t\t\t\t\t\t<\/div>\n\t\t\t\t<\/div>\n\t\t<div class=\"elementor-element elementor-element-b6ec982 e-con-full e-flex e-con e-child\" data-id=\"b6ec982\" data-element_type=\"container\">\n\t\t\t\t<div class=\"elementor-element elementor-element-4283b01 elementor-widget elementor-widget-image\" data-id=\"4283b01\" data-element_type=\"widget\" data-widget_type=\"image.default\">\n\t\t\t\t\t\t\t\t\t\t\t\t\t\t\t<img loading=\"lazy\" decoding=\"async\" width=\"150\" height=\"150\" src=\"https:\/\/everestescaladora.com\/wp-content\/uploads\/2025\/09\/escala-1-150x150.png\" class=\"attachment-thumbnail size-thumbnail wp-image-262\" alt=\"\" srcset=\"https:\/\/everestescaladora.com\/wp-content\/uploads\/2025\/09\/escala-1-150x150.png 150w, https:\/\/everestescaladora.com\/wp-content\/uploads\/2025\/09\/escala-1-300x300.png 300w, https:\/\/everestescaladora.com\/wp-content\/uploads\/2025\/09\/escala-1.png 512w\" sizes=\"(max-width: 150px) 100vw, 150px\" \/>\t\t\t\t\t\t\t\t\t\t\t\t\t\t\t<\/div>\n\t\t\t\t<div class=\"elementor-element elementor-element-e188e02 elementor-widget elementor-widget-text-editor\" data-id=\"e188e02\" data-element_type=\"widget\" data-widget_type=\"text-editor.default\">\n\t\t\t\t\t\t\t\t\t<h3 style=\"font-size: 24px; font-weight: bold; margin: 0px; text-align: center;\">No somos para los que buscan apoyo.<\/h3><p style=\"font-size: 18px; margin-top: 6px; text-align: center;\"><strong>Somos para los que eligen crecer desde donde est\u00e1n, con lo que tienen, y dar el siguiente paso en serio.<br \/><\/strong><\/p>\t\t\t\t\t\t\t\t<\/div>\n\t\t\t\t<\/div>\n\t\t\t\t\t<\/div>\n\t\t\t\t<\/div>\n\t\t<div class=\"elementor-element elementor-element-a08fe92 e-flex e-con-boxed e-con e-parent\" data-id=\"a08fe92\" data-element_type=\"container\">\n\t\t\t\t\t<div class=\"e-con-inner\">\n\t\t\t\t<div class=\"elementor-element elementor-element-3d769e7 elementor-widget-divider--view-line elementor-widget elementor-widget-divider\" data-id=\"3d769e7\" data-element_type=\"widget\" data-widget_type=\"divider.default\">\n\t\t\t\t\t\t\t<div class=\"elementor-divider\">\n\t\t\t<span class=\"elementor-divider-separator\">\n\t\t\t\t\t\t<\/span>\n\t\t<\/div>\n\t\t\t\t\t\t<\/div>\n\t\t\t\t<div class=\"elementor-element elementor-element-a65e848 elementor-widget elementor-widget-heading\" data-id=\"a65e848\" data-element_type=\"widget\" data-widget_type=\"heading.default\">\n\t\t\t\t\t<h2 class=\"elementor-heading-title elementor-size-default\">Everest no acompa\u00f1a so\u00f1adores tibios. <b>Everest escala con intr\u00e9pidos que ven el emprendimiento como su vida.<\/b> Si quieres comenzar a escalar, <b>ponte las botas: aqu\u00ed se juega&nbsp;en&nbsp;serio,<\/b><\/h2>\t\t\t\t<\/div>\n\t\t\t\t<div class=\"elementor-element elementor-element-3630746 elementor-widget-divider--view-line elementor-widget elementor-widget-divider\" data-id=\"3630746\" data-element_type=\"widget\" data-widget_type=\"divider.default\">\n\t\t\t\t\t\t\t<div class=\"elementor-divider\">\n\t\t\t<span class=\"elementor-divider-separator\">\n\t\t\t\t\t\t<\/span>\n\t\t<\/div>\n\t\t\t\t\t\t<\/div>\n\t\t\t\t\t<\/div>\n\t\t\t\t<\/div>\n\t\t<div class=\"elementor-element elementor-element-05ff4ec e-con-full e-flex e-con e-parent\" data-id=\"05ff4ec\" data-element_type=\"container\" data-settings=\"{&quot;background_background&quot;:&quot;classic&quot;}\">\n\t\t\t\t<div class=\"elementor-element elementor-element-53560cd elementor-widget-divider--view-line elementor-widget elementor-widget-divider\" data-id=\"53560cd\" data-element_type=\"widget\" data-widget_type=\"divider.default\">\n\t\t\t\t\t\t\t<div class=\"elementor-divider\">\n\t\t\t<span class=\"elementor-divider-separator\">\n\t\t\t\t\t\t<\/span>\n\t\t<\/div>\n\t\t\t\t\t\t<\/div>\n\t\t\t\t<\/div>\n\t\t<div class=\"elementor-element elementor-element-bc3f775 e-con-full e-flex e-con e-parent\" data-id=\"bc3f775\" data-element_type=\"container\" data-settings=\"{&quot;background_background&quot;:&quot;classic&quot;}\">\n\t\t\t\t<div class=\"elementor-element elementor-element-f44ca8f elementor-widget elementor-widget-heading\" data-id=\"f44ca8f\" data-element_type=\"widget\" data-widget_type=\"heading.default\">\n\t\t\t\t\t<h1 class=\"elementor-heading-title elementor-size-default\">Quienes SI Somos<\/h1>\t\t\t\t<\/div>\n\t\t\t\t<div class=\"elementor-element elementor-element-ee96516 elementor-widget-divider--view-line elementor-widget elementor-widget-divider\" data-id=\"ee96516\" data-element_type=\"widget\" data-widget_type=\"divider.default\">\n\t\t\t\t\t\t\t<div class=\"elementor-divider\">\n\t\t\t<span class=\"elementor-divider-separator\">\n\t\t\t\t\t\t<\/span>\n\t\t<\/div>\n\t\t\t\t\t\t<\/div>\n\t\t\t\t<div class=\"elementor-element elementor-element-99bb96b elementor-widget elementor-widget-text-editor\" data-id=\"99bb96b\" data-element_type=\"widget\" data-widget_type=\"text-editor.default\">\n\t\t\t\t\t\t\t\t\t<p style=\"text-align: center;\"><span style=\"color: #ffffff;\">En Everest creemos que para hablarle a un emprendedor hay que haberlo sido. No somos acad\u00e9micos de escritorio, somos emprendedores que hemos vivido lo mismo que hoy t\u00fa enfrentas: buscar clientes, equivocarse, volver a levantarse y entender que el emprendimiento no es un plan B, sino un estilo de vida. Y por eso estamos aqu\u00ed.<\/span><\/p>\t\t\t\t\t\t\t\t<\/div>\n\t\t\t\t<div class=\"elementor-element elementor-element-c8f1ba3 elementor-widget elementor-widget-image\" data-id=\"c8f1ba3\" data-element_type=\"widget\" data-widget_type=\"image.default\">\n\t\t\t\t\t\t\t\t\t\t\t\t\t\t\t<img loading=\"lazy\" decoding=\"async\" width=\"562\" height=\"541\" src=\"https:\/\/everestescaladora.com\/wp-content\/uploads\/2025\/09\/equipo.png\" class=\"attachment-large size-large wp-image-278\" alt=\"\" srcset=\"https:\/\/everestescaladora.com\/wp-content\/uploads\/2025\/09\/equipo.png 562w, https:\/\/everestescaladora.com\/wp-content\/uploads\/2025\/09\/equipo-300x289.png 300w\" sizes=\"(max-width: 562px) 100vw, 562px\" \/>\t\t\t\t\t\t\t\t\t\t\t\t\t\t\t<\/div>\n\t\t\t\t<div class=\"elementor-element elementor-element-3469c66 elementor-widget-divider--view-line elementor-widget elementor-widget-divider\" data-id=\"3469c66\" data-element_type=\"widget\" data-widget_type=\"divider.default\">\n\t\t\t\t\t\t\t<div class=\"elementor-divider\">\n\t\t\t<span class=\"elementor-divider-separator\">\n\t\t\t\t\t\t<\/span>\n\t\t<\/div>\n\t\t\t\t\t\t<\/div>\n\t\t\t\t<div class=\"elementor-element elementor-element-b987cc4 elementor-widget elementor-widget-heading\" data-id=\"b987cc4\" data-element_type=\"widget\" data-widget_type=\"heading.default\">\n\t\t\t\t\t<h2 class=\"elementor-heading-title elementor-size-default\">Sebasti\u00e1n Vald\u00e9s Lozano\n<\/h2>\t\t\t\t<\/div>\n\t\t\t\t<div class=\"elementor-element elementor-element-a5b0888 elementor-widget elementor-widget-text-editor\" data-id=\"a5b0888\" data-element_type=\"widget\" data-widget_type=\"text-editor.default\">\n\t\t\t\t\t\t\t\t\t<p><span style=\"color: #ffffff;\">\u00abEmprender no fue un camino f\u00e1cil para m\u00ed. Al igual que muchos, empec\u00e9 con m\u00e1s ganas que recursos, pero entend\u00ed que lo que hace la diferencia es la visi\u00f3n estrat\u00e9gica y la capacidad de ejecutar r\u00e1pido.<br \/><\/span><br \/><span style=\"color: #ffffff;\">Hoy lidero Cumbre Gesti\u00f3n y Capacitaci\u00f3n, acompa\u00f1ando a m\u00e1s de 500 emprendedores y empresas que, como t\u00fa, alguna vez dudaron si pod\u00edan crecer.<br \/><\/span><br \/><span style=\"color: #ffffff;\">Con Everest decid\u00ed dar el siguiente paso: no solo ense\u00f1ar o aconsejar, sino escalar negocios junto a quienes tienen la valent\u00eda de apostar todo por sus proyectos. Porque si t\u00fa te atreves a escalar, yo tambi\u00e9n lo hago contigo.\u00bb<\/span><\/p>\t\t\t\t\t\t\t\t<\/div>\n\t\t\t\t<div class=\"elementor-element elementor-element-7ce430d elementor-widget-divider--view-line elementor-widget elementor-widget-divider\" data-id=\"7ce430d\" data-element_type=\"widget\" data-widget_type=\"divider.default\">\n\t\t\t\t\t\t\t<div class=\"elementor-divider\">\n\t\t\t<span class=\"elementor-divider-separator\">\n\t\t\t\t\t\t<\/span>\n\t\t<\/div>\n\t\t\t\t\t\t<\/div>\n\t\t\t\t<div class=\"elementor-element elementor-element-37c59c4 elementor-widget elementor-widget-heading\" data-id=\"37c59c4\" data-element_type=\"widget\" data-widget_type=\"heading.default\">\n\t\t\t\t\t<h2 class=\"elementor-heading-title elementor-size-default\">Emmanuel Atamirano\n Valdivia\n<\/h2>\t\t\t\t<\/div>\n\t\t\t\t<div class=\"elementor-element elementor-element-dbdf43c elementor-widget elementor-widget-text-editor\" data-id=\"dbdf43c\" data-element_type=\"widget\" data-widget_type=\"text-editor.default\">\n\t\t\t\t\t\t\t\t\t<p><span style=\"color: #ffffff;\">\u00abEl mundo digital fue mi campo de batalla. Durante a\u00f1os he asesorado a m\u00e1s de 100 empresas en marketing y ventas, ayudando a transformar sus estrategias digitales en resultados concretos.<br \/><\/span><br \/><span style=\"color: #ffffff;\">He visto de cerca c\u00f3mo una buena estrategia puede cambiar la historia de un negocio, y tambi\u00e9n c\u00f3mo la falta de direcci\u00f3n puede dejarlo en el camino.<br \/><\/span><br \/><span style=\"color: #ffffff;\">Everest nace para eso: para que no tengas que pasar solo por ese laberinto. Yo estar\u00e9 contigo, dise\u00f1ando la estrategia digital que tu negocio necesita para vender m\u00e1s, crecer m\u00e1s y llegar m\u00e1s alto. Porque tu \u00e9xito tambi\u00e9n es el m\u00edo.\u00bb<\/span><\/p><p>\u00a0<\/p>\t\t\t\t\t\t\t\t<\/div>\n\t\t\t\t<div class=\"elementor-element elementor-element-9e5f5e6 elementor-widget-divider--view-line elementor-widget elementor-widget-divider\" data-id=\"9e5f5e6\" data-element_type=\"widget\" data-widget_type=\"divider.default\">\n\t\t\t\t\t\t\t<div class=\"elementor-divider\">\n\t\t\t<span class=\"elementor-divider-separator\">\n\t\t\t\t\t\t<\/span>\n\t\t<\/div>\n\t\t\t\t\t\t<\/div>\n\t\t\t\t<\/div>\n\t\t<div class=\"elementor-element elementor-element-73ea93d e-con-full e-flex e-con e-parent\" data-id=\"73ea93d\" data-element_type=\"container\" data-settings=\"{&quot;background_background&quot;:&quot;classic&quot;}\">\n\t\t\t\t<div class=\"elementor-element elementor-element-755c0ad elementor-widget elementor-widget-heading\" data-id=\"755c0ad\" data-element_type=\"widget\" data-widget_type=\"heading.default\">\n\t\t\t\t\t<h1 class=\"elementor-heading-title elementor-size-default\">Esto es Everest.\nNo venimos a contarte c\u00f3mo se hace.\nVenimos a hacerlo contigo.<\/h1>\t\t\t\t<\/div>\n\t\t\t\t<div class=\"elementor-element elementor-element-7551f6e elementor-widget-divider--view-line elementor-widget elementor-widget-divider\" data-id=\"7551f6e\" data-element_type=\"widget\" data-widget_type=\"divider.default\">\n\t\t\t\t\t\t\t<div class=\"elementor-divider\">\n\t\t\t<span class=\"elementor-divider-separator\">\n\t\t\t\t\t\t<\/span>\n\t\t<\/div>\n\t\t\t\t\t\t<\/div>\n\t\t\t\t<div class=\"elementor-element elementor-element-126f3a9 elementor-widget-divider--view-line elementor-widget elementor-widget-divider\" data-id=\"126f3a9\" data-element_type=\"widget\" data-widget_type=\"divider.default\">\n\t\t\t\t\t\t\t<div class=\"elementor-divider\">\n\t\t\t<span class=\"elementor-divider-separator\">\n\t\t\t\t\t\t<\/span>\n\t\t<\/div>\n\t\t\t\t\t\t<\/div>\n\t\t\t\t<div class=\"elementor-element elementor-element-503fdb1 elementor-widget-divider--view-line elementor-widget elementor-widget-divider\" data-id=\"503fdb1\" data-element_type=\"widget\" data-widget_type=\"divider.default\">\n\t\t\t\t\t\t\t<div class=\"elementor-divider\">\n\t\t\t<span class=\"elementor-divider-separator\">\n\t\t\t\t\t\t<\/span>\n\t\t<\/div>\n\t\t\t\t\t\t<\/div>\n\t\t\t\t<div class=\"elementor-element elementor-element-738a456 elementor-widget-divider--view-line elementor-widget elementor-widget-divider\" data-id=\"738a456\" data-element_type=\"widget\" data-widget_type=\"divider.default\">\n\t\t\t\t\t\t\t<div class=\"elementor-divider\">\n\t\t\t<span class=\"elementor-divider-separator\">\n\t\t\t\t\t\t<\/span>\n\t\t<\/div>\n\t\t\t\t\t\t<\/div>\n\t\t\t\t<\/div>\n\t\t\t\t<\/div>\n\t\t","protected":false},"excerpt":{"rendered":"<p>No Somos lo que Algunos Esperan No somos vende humos. Somos resultados medibles en ventas, desde las primeras semanas. No [&hellip;]<\/p>\n","protected":false},"author":1,"featured_media":0,"parent":0,"menu_order":0,"comment_status":"closed","ping_status":"closed","template":"","meta":{"site-sidebar-layout":"default","site-content-layout":"","ast-site-content-layout":"full-width-container","site-content-style":"default","site-sidebar-style":"default","ast-global-header-display":"","ast-banner-title-visibility":"","ast-main-header-display":"","ast-hfb-above-header-display":"","ast-hfb-below-header-display":"","ast-hfb-mobile-header-display":"","site-post-title":"disabled","ast-breadcrumbs-content":"","ast-featured-img":"","footer-sml-layout":"","theme-transparent-header-meta":"","adv-header-id-meta":"","stick-header-meta":"","header-above-stick-meta":"","header-main-stick-meta":"","header-below-stick-meta":"","astra-migrate-meta-layouts":"default","ast-page-background-enabled":"default","ast-page-background-meta":{"desktop":{"background-color":"var(--ast-global-color-5)","background-image":"","background-repeat":"repeat","background-position":"center center","background-size":"auto","background-attachment":"scroll","background-type":"","background-media":"","overlay-type":"","overlay-color":"","overlay-opacity":"","overlay-gradient":""},"tablet":{"background-color":"","background-image":"","background-repeat":"repeat","background-position":"center center","background-size":"auto","background-attachment":"scroll","background-type":"","background-media":"","overlay-type":"","overlay-color":"","overlay-opacity":"","overlay-gradient":""},"mobile":{"background-color":"","background-image":"","background-repeat":"repeat","background-position":"center center","background-size":"auto","background-attachment":"scroll","background-type":"","background-media":"","overlay-type":"","overlay-color":"","overlay-opacity":"","overlay-gradient":""}},"ast-content-background-meta":{"desktop":{"background-color":"var(--ast-global-color-4)","background-image":"","background-repeat":"repeat","background-position":"center center","background-size":"auto","background-attachment":"scroll","background-type":"","background-media":"","overlay-type":"","overlay-color":"","overlay-opacity":"","overlay-gradient":""},"tablet":{"background-color":"var(--ast-global-color-4)","background-image":"","background-repeat":"repeat","background-position":"center center","background-size":"auto","background-attachment":"scroll","background-type":"","background-media":"","overlay-type":"","overlay-color":"","overlay-opacity":"","overlay-gradient":""},"mobile":{"background-color":"var(--ast-global-color-4)","background-image":"","background-repeat":"repeat","background-position":"center center","background-size":"auto","background-attachment":"scroll","background-type":"","background-media":"","overlay-type":"","overlay-color":"","overlay-opacity":"","overlay-gradient":""}},"footnotes":""},"class_list":["post-224","page","type-page","status-publish","hentry"],"_links":{"self":[{"href":"https:\/\/everestescaladora.com\/index.php\/wp-json\/wp\/v2\/pages\/224","targetHints":{"allow":["GET"]}}],"collection":[{"href":"https:\/\/everestescaladora.com\/index.php\/wp-json\/wp\/v2\/pages"}],"about":[{"href":"https:\/\/everestescaladora.com\/index.php\/wp-json\/wp\/v2\/types\/page"}],"author":[{"embeddable":true,"href":"https:\/\/everestescaladora.com\/index.php\/wp-json\/wp\/v2\/users\/1"}],"replies":[{"embeddable":true,"href":"https:\/\/everestescaladora.com\/index.php\/wp-json\/wp\/v2\/comments?post=224"}],"version-history":[{"count":58,"href":"https:\/\/everestescaladora.com\/index.php\/wp-json\/wp\/v2\/pages\/224\/revisions"}],"predecessor-version":[{"id":296,"href":"https:\/\/everestescaladora.com\/index.php\/wp-json\/wp\/v2\/pages\/224\/revisions\/296"}],"wp:attachment":[{"href":"https:\/\/everestescaladora.com\/index.php\/wp-json\/wp\/v2\/media?parent=224"}],"curies":[{"name":"wp","href":"https:\/\/api.w.org\/{rel}","templated":true}]}}